{"id":1904,"date":"2020-10-01T14:05:11","date_gmt":"2020-10-01T14:05:11","guid":{"rendered":"http:\/\/moveisdelcio.com.br\/?post_type=product&#038;p=1904"},"modified":"2020-10-01T14:05:11","modified_gmt":"2020-10-01T14:05:11","slug":"mesa-auxiliar-para-sala-de-cirurgia-3","status":"publish","type":"product","link":"http:\/\/moveisdelcio.com.br\/?product=mesa-auxiliar-para-sala-de-cirurgia-3","title":{"rendered":"Mesa auxiliar para sala de cirurgia"},"content":{"rendered":"<p>Mesa auxiliar para sala de cirurgia, com tampo e prateleira de a\u00e7o inoxid\u00e1vel, p\u00e9s de tubo de a\u00e7o inoxid\u00e1vel, com rodas.<\/p>\n<p>Dimens\u00f5es: 0,60 X 0,40 X 0,80 m.<\/p>\n<p>Registro ANVISA: Possui carta de Isen\u00e7\u00e3o<\/p>\n","protected":false},"excerpt":{"rendered":"<p>Mesa auxiliar para sala de cirurgia, com tampo e prateleira de a\u00e7o inoxid\u00e1vel, p\u00e9s de tubo de a\u00e7o inoxid\u00e1vel, com rodas.<\/p>\n<p>Dimens\u00f5es: 0,60 X 0,40 X 0,80 m.<\/p>\n<p>Registro ANVISA: Possui carta de Isen\u00e7\u00e3o<\/p>\n","protected":false},"featured_media":1905,"comment_status":"open","ping_status":"closed","template":"","meta":{"site-sidebar-layout":"default","site-content-layout":"default","ast-site-content-layout":"","site-content-style":"default","site-sidebar-style":"default","ast-global-header-display":"","ast-banner-title-visibility":"","ast-main-header-display":"","ast-hfb-above-header-display":"","ast-hfb-below-header-display":"","ast-hfb-mobile-header-display":"","site-post-title":"","ast-breadcrumbs-content":"","ast-featured-img":"","footer-sml-layout":"","theme-transparent-header-meta":"default","adv-header-id-meta":"","stick-header-meta":"","header-above-stick-meta":"","header-main-stick-meta":"","header-below-stick-meta":"","astra-migrate-meta-layouts":"default","ast-page-background-enabled":"default","ast-page-background-meta":{"desktop":{"background-color":"var(--ast-global-color-4)","background-image":"","background-repeat":"repeat","background-position":"center center","background-size":"auto","background-attachment":"scroll","background-type":"","background-media":"","overlay-type":"","overlay-color":"","overlay-opacity":"","overlay-gradient":""},"tablet":{"background-color":"","background-image":"","background-repeat":"repeat","background-position":"center center","background-size":"auto","background-attachment":"scroll","background-type":"","background-media":"","overlay-type":"","overlay-color":"","overlay-opacity":"","overlay-gradient":""},"mobile":{"background-color":"","background-image":"","background-repeat":"repeat","background-position":"center center","background-size":"auto","background-attachment":"scroll","background-type":"","background-media":"","overlay-type":"","overlay-color":"","overlay-opacity":"","overlay-gradient":""}},"ast-content-background-meta":{"desktop":{"background-color":"var(--ast-global-color-5)","background-image":"","background-repeat":"repeat","background-position":"center center","background-size":"auto","background-attachment":"scroll","background-type":"","background-media":"","overlay-type":"","overlay-color":"","overlay-opacity":"","overlay-gradient":""},"tablet":{"background-color":"var(--ast-global-color-5)","background-image":"","background-repeat":"repeat","background-position":"center center","background-size":"auto","background-attachment":"scroll","background-type":"","background-media":"","overlay-type":"","overlay-color":"","overlay-opacity":"","overlay-gradient":""},"mobile":{"background-color":"var(--ast-global-color-5)","background-image":"","background-repeat":"repeat","background-position":"center center","background-size":"auto","background-attachment":"scroll","background-type":"","background-media":"","overlay-type":"","overlay-color":"","overlay-opacity":"","overlay-gradient":""}}},"_links":{"self":[{"href":"http:\/\/moveisdelcio.com.br\/index.php?rest_route=\/wp\/v2\/product\/1904"}],"collection":[{"href":"http:\/\/moveisdelcio.com.br\/index.php?rest_route=\/wp\/v2\/product"}],"about":[{"href":"http:\/\/moveisdelcio.com.br\/index.php?rest_route=\/wp\/v2\/types\/product"}],"replies":[{"embeddable":true,"href":"http:\/\/moveisdelcio.com.br\/index.php?rest_route=%2Fwp%2Fv2%2Fcomments&post=1904"}],"version-history":[{"count":1,"href":"http:\/\/moveisdelcio.com.br\/index.php?rest_route=\/wp\/v2\/product\/1904\/revisions"}],"predecessor-version":[{"id":1906,"href":"http:\/\/moveisdelcio.com.br\/index.php?rest_route=\/wp\/v2\/product\/1904\/revisions\/1906"}],"wp:featuredmedia":[{"embeddable":true,"href":"http:\/\/moveisdelcio.com.br\/index.php?rest_route=\/wp\/v2\/media\/1905"}],"wp:attachment":[{"href":"http:\/\/moveisdelcio.com.br\/index.php?rest_route=%2Fwp%2Fv2%2Fmedia&parent=1904"}],"curies":[{"name":"wp","href":"https:\/\/api.w.org\/{rel}","templated":true}]}}